
{"id":16048,"date":"2025-03-28T10:58:30","date_gmt":"2025-03-28T14:58:30","guid":{"rendered":"https:\/\/quebec.ubisoft.com\/?page_id=16048"},"modified":"2026-03-17T14:15:55","modified_gmt":"2026-03-17T18:15:55","slug":"reglements-du-concours-assassins-creed-shadows-claws-of-awaji","status":"publish","type":"page","link":"https:\/\/quebec.ubisoft.com\/fr\/reglements-du-concours-assassins-creed-shadows-claws-of-awaji\/","title":{"rendered":"R\u00e8glements du concours Assassin&rsquo;s Creed Shadows"},"content":{"rendered":"","protected":false},"excerpt":{"rendered":"","protected":false},"author":5,"featured_media":16390,"parent":0,"menu_order":0,"comment_status":"closed","ping_status":"closed","template":"templates\/tp-policy.php","meta":{"footnotes":""},"class_list":["post-16048","page","type-page","status-publish","has-post-thumbnail","hentry"],"acf":[],"yoast_head":"<!-- This site is optimized with the Yoast SEO plugin v20.13 - https:\/\/yoast.com\/wordpress\/plugins\/seo\/ -->\n<title>R\u00e8glements du concours Assassin&#039;s Creed Shadows - Ubisoft Qu\u00e9bec<\/title>\n<meta name=\"robots\" content=\"noindex, follow\" \/>\n<meta property=\"og:locale\" content=\"fr_FR\" \/>\n<meta property=\"og:type\" content=\"article\" \/>\n<meta property=\"og:title\" content=\"R\u00e8glements du concours Assassin&#039;s Creed Shadows - Ubisoft Qu\u00e9bec\" \/>\n<meta property=\"og:url\" content=\"https:\/\/quebec.ubisoft.com\/fr\/reglements-du-concours-assassins-creed-shadows-claws-of-awaji\/\" \/>\n<meta property=\"og:site_name\" content=\"Ubisoft Qu\u00e9bec\" \/>\n<meta property=\"article:publisher\" content=\"https:\/\/www.facebook.com\/ubisoftquebec\/\" \/>\n<meta property=\"article:modified_time\" content=\"2026-03-17T18:15:55+00:00\" \/>\n<meta property=\"og:image\" content=\"https:\/\/quebec.ubisoft.com\/wp-content\/uploads\/2026\/03\/2026_ACS_Giveaway_Social_3x4_FR.jpg\" \/>\n\t<meta property=\"og:image:width\" content=\"1080\" \/>\n\t<meta property=\"og:image:height\" content=\"1440\" \/>\n\t<meta property=\"og:image:type\" content=\"image\/jpeg\" \/>\n<meta name=\"twitter:card\" content=\"summary_large_image\" \/>\n<meta name=\"twitter:site\" content=\"@UbisoftQuebec\" \/>\n<script type=\"application\/ld+json\" class=\"yoast-schema-graph\">{\"@context\":\"https:\/\/schema.org\",\"@graph\":[{\"@type\":\"WebPage\",\"@id\":\"https:\/\/quebec.ubisoft.com\/fr\/reglements-du-concours-assassins-creed-shadows-claws-of-awaji\/\",\"url\":\"https:\/\/quebec.ubisoft.com\/fr\/reglements-du-concours-assassins-creed-shadows-claws-of-awaji\/\",\"name\":\"R\u00e8glements du concours Assassin's Creed Shadows - Ubisoft Qu\u00e9bec\",\"isPartOf\":{\"@id\":\"https:\/\/quebec.ubisoft.com\/fr\/#website\"},\"datePublished\":\"2025-03-28T14:58:30+00:00\",\"dateModified\":\"2026-03-17T18:15:55+00:00\",\"inLanguage\":\"fr-FR\",\"potentialAction\":[{\"@type\":\"ReadAction\",\"target\":[\"https:\/\/quebec.ubisoft.com\/fr\/reglements-du-concours-assassins-creed-shadows-claws-of-awaji\/\"]}]},{\"@type\":\"WebSite\",\"@id\":\"https:\/\/quebec.ubisoft.com\/fr\/#website\",\"url\":\"https:\/\/quebec.ubisoft.com\/fr\/\",\"name\":\"Ubisoft Qu\u00e9bec\",\"description\":\"Cr\u00e9ateur de mondes\",\"potentialAction\":[{\"@type\":\"SearchAction\",\"target\":{\"@type\":\"EntryPoint\",\"urlTemplate\":\"https:\/\/quebec.ubisoft.com\/fr\/?s={search_term_string}\"},\"query-input\":\"required name=search_term_string\"}],\"inLanguage\":\"fr-FR\"}]}<\/script>\n<!-- \/ Yoast SEO plugin. -->","yoast_head_json":{"title":"R\u00e8glements du concours Assassin's Creed Shadows - Ubisoft Qu\u00e9bec","robots":{"index":"noindex","follow":"follow"},"og_locale":"fr_FR","og_type":"article","og_title":"R\u00e8glements du concours Assassin's Creed Shadows - Ubisoft Qu\u00e9bec","og_url":"https:\/\/quebec.ubisoft.com\/fr\/reglements-du-concours-assassins-creed-shadows-claws-of-awaji\/","og_site_name":"Ubisoft Qu\u00e9bec","article_publisher":"https:\/\/www.facebook.com\/ubisoftquebec\/","article_modified_time":"2026-03-17T18:15:55+00:00","og_image":[{"width":1080,"height":1440,"url":"https:\/\/quebec.ubisoft.com\/wp-content\/uploads\/2026\/03\/2026_ACS_Giveaway_Social_3x4_FR.jpg","type":"image\/jpeg"}],"twitter_card":"summary_large_image","twitter_site":"@UbisoftQuebec","schema":{"@context":"https:\/\/schema.org","@graph":[{"@type":"WebPage","@id":"https:\/\/quebec.ubisoft.com\/fr\/reglements-du-concours-assassins-creed-shadows-claws-of-awaji\/","url":"https:\/\/quebec.ubisoft.com\/fr\/reglements-du-concours-assassins-creed-shadows-claws-of-awaji\/","name":"R\u00e8glements du concours Assassin's Creed Shadows - Ubisoft Qu\u00e9bec","isPartOf":{"@id":"https:\/\/quebec.ubisoft.com\/fr\/#website"},"datePublished":"2025-03-28T14:58:30+00:00","dateModified":"2026-03-17T18:15:55+00:00","inLanguage":"fr-FR","potentialAction":[{"@type":"ReadAction","target":["https:\/\/quebec.ubisoft.com\/fr\/reglements-du-concours-assassins-creed-shadows-claws-of-awaji\/"]}]},{"@type":"WebSite","@id":"https:\/\/quebec.ubisoft.com\/fr\/#website","url":"https:\/\/quebec.ubisoft.com\/fr\/","name":"Ubisoft Qu\u00e9bec","description":"Cr\u00e9ateur de mondes","potentialAction":[{"@type":"SearchAction","target":{"@type":"EntryPoint","urlTemplate":"https:\/\/quebec.ubisoft.com\/fr\/?s={search_term_string}"},"query-input":"required name=search_term_string"}],"inLanguage":"fr-FR"}]}},"_links":{"self":[{"href":"https:\/\/quebec.ubisoft.com\/fr\/wp-json\/wp\/v2\/pages\/16048","targetHints":{"allow":["GET"]}}],"collection":[{"href":"https:\/\/quebec.ubisoft.com\/fr\/wp-json\/wp\/v2\/pages"}],"about":[{"href":"https:\/\/quebec.ubisoft.com\/fr\/wp-json\/wp\/v2\/types\/page"}],"author":[{"embeddable":true,"href":"https:\/\/quebec.ubisoft.com\/fr\/wp-json\/wp\/v2\/users\/5"}],"replies":[{"embeddable":true,"href":"https:\/\/quebec.ubisoft.com\/fr\/wp-json\/wp\/v2\/comments?post=16048"}],"version-history":[{"count":15,"href":"https:\/\/quebec.ubisoft.com\/fr\/wp-json\/wp\/v2\/pages\/16048\/revisions"}],"predecessor-version":[{"id":16388,"href":"https:\/\/quebec.ubisoft.com\/fr\/wp-json\/wp\/v2\/pages\/16048\/revisions\/16388"}],"wp:featuredmedia":[{"embeddable":true,"href":"https:\/\/quebec.ubisoft.com\/fr\/wp-json\/wp\/v2\/media\/16390"}],"wp:attachment":[{"href":"https:\/\/quebec.ubisoft.com\/fr\/wp-json\/wp\/v2\/media?parent=16048"}],"curies":[{"name":"wp","href":"https:\/\/api.w.org\/{rel}","templated":true}]}}