
{"id":55,"date":"2019-06-03T14:18:17","date_gmt":"2019-06-03T18:18:17","guid":{"rendered":"http:\/\/ubisoftquebec.flywheelsites.com\/?page_id=55"},"modified":"2024-01-10T11:15:55","modified_gmt":"2024-01-10T15:15:55","slug":"emplois","status":"publish","type":"page","link":"https:\/\/quebec.ubisoft.com\/fr\/emplois\/","title":{"rendered":"Emplois"},"content":{"rendered":"","protected":false},"excerpt":{"rendered":"","protected":false},"author":1,"featured_media":0,"parent":0,"menu_order":0,"comment_status":"closed","ping_status":"closed","template":"templates\/tp-jobs.php","meta":{"footnotes":""},"class_list":["post-55","page","type-page","status-publish","hentry"],"acf":[],"yoast_head":"<!-- This site is optimized with the Yoast SEO plugin v20.13 - https:\/\/yoast.com\/wordpress\/plugins\/seo\/ -->\n<title>Viens travailler avec nous - Ubisoft Qu\u00e9bec<\/title>\n<meta name=\"description\" content=\"Ubisoft Qu\u00e9bec est constamment \u00e0 la recherche de d\u00e9veloppeurs talentueux, cr\u00e9atifs et passionn\u00e9s pour rejoindre son \u00e9quipe. Postule maintenant!\" \/>\n<meta name=\"robots\" content=\"index, follow, max-snippet:-1, max-image-preview:large, max-video-preview:-1\" \/>\n<link rel=\"canonical\" href=\"https:\/\/quebec.ubisoft.com\/fr\/emplois\/\" \/>\n<meta property=\"og:locale\" content=\"fr_FR\" \/>\n<meta property=\"og:type\" content=\"article\" \/>\n<meta property=\"og:title\" content=\"Ubisoft Qu\u00e9bec - Emplois\" \/>\n<meta property=\"og:description\" content=\"Ubisoft Qu\u00e9bec est constamment \u00e0 la recherche de d\u00e9veloppeurs talentueux, cr\u00e9atifs et passionn\u00e9s pour rejoindre son \u00e9quipe. Postule maintenant!\" \/>\n<meta property=\"og:url\" content=\"https:\/\/quebec.ubisoft.com\/fr\/emplois\/\" \/>\n<meta property=\"og:site_name\" content=\"Ubisoft Qu\u00e9bec\" \/>\n<meta property=\"article:publisher\" content=\"https:\/\/www.facebook.com\/ubisoftquebec\/\" \/>\n<meta property=\"article:modified_time\" content=\"2024-01-10T15:15:55+00:00\" \/>\n<meta property=\"og:image\" content=\"https:\/\/quebec.ubisoft.com\/wp-content\/uploads\/2021\/02\/Job-Offer_JF_PRH.png\" \/>\n\t<meta property=\"og:image:width\" content=\"2400\" \/>\n\t<meta property=\"og:image:height\" content=\"1350\" \/>\n\t<meta property=\"og:image:type\" content=\"image\/png\" \/>\n<meta name=\"twitter:card\" content=\"summary_large_image\" \/>\n<meta name=\"twitter:title\" content=\"Ubisoft Qu\u00e9bec - Emplois\" \/>\n<meta name=\"twitter:image\" content=\"https:\/\/quebec.ubisoft.com\/wp-content\/uploads\/2020\/11\/Job-Offer_Conseiller_Comm_VF.jpg\" \/>\n<meta name=\"twitter:site\" content=\"@UbisoftQuebec\" \/>\n<script type=\"application\/ld+json\" class=\"yoast-schema-graph\">{\"@context\":\"https:\/\/schema.org\",\"@graph\":[{\"@type\":\"WebPage\",\"@id\":\"https:\/\/quebec.ubisoft.com\/fr\/emplois\/\",\"url\":\"https:\/\/quebec.ubisoft.com\/fr\/emplois\/\",\"name\":\"Viens travailler avec nous - Ubisoft Qu\u00e9bec\",\"isPartOf\":{\"@id\":\"https:\/\/quebec.ubisoft.com\/fr\/#website\"},\"datePublished\":\"2019-06-03T18:18:17+00:00\",\"dateModified\":\"2024-01-10T15:15:55+00:00\",\"description\":\"Ubisoft Qu\u00e9bec est constamment \u00e0 la recherche de d\u00e9veloppeurs talentueux, cr\u00e9atifs et passionn\u00e9s pour rejoindre son \u00e9quipe. Postule maintenant!\",\"inLanguage\":\"fr-FR\",\"potentialAction\":[{\"@type\":\"ReadAction\",\"target\":[\"https:\/\/quebec.ubisoft.com\/fr\/emplois\/\"]}]},{\"@type\":\"WebSite\",\"@id\":\"https:\/\/quebec.ubisoft.com\/fr\/#website\",\"url\":\"https:\/\/quebec.ubisoft.com\/fr\/\",\"name\":\"Ubisoft Qu\u00e9bec\",\"description\":\"Cr\u00e9ateur de mondes\",\"potentialAction\":[{\"@type\":\"SearchAction\",\"target\":{\"@type\":\"EntryPoint\",\"urlTemplate\":\"https:\/\/quebec.ubisoft.com\/fr\/?s={search_term_string}\"},\"query-input\":\"required name=search_term_string\"}],\"inLanguage\":\"fr-FR\"}]}<\/script>\n<!-- \/ Yoast SEO plugin. -->","yoast_head_json":{"title":"Viens travailler avec nous - Ubisoft Qu\u00e9bec","description":"Ubisoft Qu\u00e9bec est constamment \u00e0 la recherche de d\u00e9veloppeurs talentueux, cr\u00e9atifs et passionn\u00e9s pour rejoindre son \u00e9quipe. Postule maintenant!","robots":{"index":"index","follow":"follow","max-snippet":"max-snippet:-1","max-image-preview":"max-image-preview:large","max-video-preview":"max-video-preview:-1"},"canonical":"https:\/\/quebec.ubisoft.com\/fr\/emplois\/","og_locale":"fr_FR","og_type":"article","og_title":"Ubisoft Qu\u00e9bec - Emplois","og_description":"Ubisoft Qu\u00e9bec est constamment \u00e0 la recherche de d\u00e9veloppeurs talentueux, cr\u00e9atifs et passionn\u00e9s pour rejoindre son \u00e9quipe. Postule maintenant!","og_url":"https:\/\/quebec.ubisoft.com\/fr\/emplois\/","og_site_name":"Ubisoft Qu\u00e9bec","article_publisher":"https:\/\/www.facebook.com\/ubisoftquebec\/","article_modified_time":"2024-01-10T15:15:55+00:00","og_image":[{"width":2400,"height":1350,"url":"https:\/\/quebec.ubisoft.com\/wp-content\/uploads\/2021\/02\/Job-Offer_JF_PRH.png","type":"image\/png"}],"twitter_card":"summary_large_image","twitter_title":"Ubisoft Qu\u00e9bec - Emplois","twitter_image":"https:\/\/quebec.ubisoft.com\/wp-content\/uploads\/2020\/11\/Job-Offer_Conseiller_Comm_VF.jpg","twitter_site":"@UbisoftQuebec","schema":{"@context":"https:\/\/schema.org","@graph":[{"@type":"WebPage","@id":"https:\/\/quebec.ubisoft.com\/fr\/emplois\/","url":"https:\/\/quebec.ubisoft.com\/fr\/emplois\/","name":"Viens travailler avec nous - Ubisoft Qu\u00e9bec","isPartOf":{"@id":"https:\/\/quebec.ubisoft.com\/fr\/#website"},"datePublished":"2019-06-03T18:18:17+00:00","dateModified":"2024-01-10T15:15:55+00:00","description":"Ubisoft Qu\u00e9bec est constamment \u00e0 la recherche de d\u00e9veloppeurs talentueux, cr\u00e9atifs et passionn\u00e9s pour rejoindre son \u00e9quipe. Postule maintenant!","inLanguage":"fr-FR","potentialAction":[{"@type":"ReadAction","target":["https:\/\/quebec.ubisoft.com\/fr\/emplois\/"]}]},{"@type":"WebSite","@id":"https:\/\/quebec.ubisoft.com\/fr\/#website","url":"https:\/\/quebec.ubisoft.com\/fr\/","name":"Ubisoft Qu\u00e9bec","description":"Cr\u00e9ateur de mondes","potentialAction":[{"@type":"SearchAction","target":{"@type":"EntryPoint","urlTemplate":"https:\/\/quebec.ubisoft.com\/fr\/?s={search_term_string}"},"query-input":"required name=search_term_string"}],"inLanguage":"fr-FR"}]}},"_links":{"self":[{"href":"https:\/\/quebec.ubisoft.com\/fr\/wp-json\/wp\/v2\/pages\/55","targetHints":{"allow":["GET"]}}],"collection":[{"href":"https:\/\/quebec.ubisoft.com\/fr\/wp-json\/wp\/v2\/pages"}],"about":[{"href":"https:\/\/quebec.ubisoft.com\/fr\/wp-json\/wp\/v2\/types\/page"}],"author":[{"embeddable":true,"href":"https:\/\/quebec.ubisoft.com\/fr\/wp-json\/wp\/v2\/users\/1"}],"replies":[{"embeddable":true,"href":"https:\/\/quebec.ubisoft.com\/fr\/wp-json\/wp\/v2\/comments?post=55"}],"version-history":[{"count":19,"href":"https:\/\/quebec.ubisoft.com\/fr\/wp-json\/wp\/v2\/pages\/55\/revisions"}],"predecessor-version":[{"id":15763,"href":"https:\/\/quebec.ubisoft.com\/fr\/wp-json\/wp\/v2\/pages\/55\/revisions\/15763"}],"wp:attachment":[{"href":"https:\/\/quebec.ubisoft.com\/fr\/wp-json\/wp\/v2\/media?parent=55"}],"curies":[{"name":"wp","href":"https:\/\/api.w.org\/{rel}","templated":true}]}}