
{"id":69,"date":"2019-06-03T14:19:42","date_gmt":"2019-06-03T18:19:42","guid":{"rendered":"http:\/\/ubisoftquebec.flywheelsites.com\/?page_id=69"},"modified":"2023-03-29T15:57:11","modified_gmt":"2023-03-29T19:57:11","slug":"medias","status":"publish","type":"page","link":"https:\/\/quebec.ubisoft.com\/fr\/medias\/","title":{"rendered":"M\u00e9dias"},"content":{"rendered":"","protected":false},"excerpt":{"rendered":"","protected":false},"author":1,"featured_media":0,"parent":0,"menu_order":0,"comment_status":"closed","ping_status":"closed","template":"templates\/tp-press-kit.php","meta":{"footnotes":""},"class_list":["post-69","page","type-page","status-publish","hentry"],"acf":[],"yoast_head":"<!-- This site is optimized with the Yoast SEO plugin v20.13 - https:\/\/yoast.com\/wordpress\/plugins\/seo\/ -->\n<title>M\u00e9dias - Ubisoft Qu\u00e9bec<\/title>\n<meta name=\"description\" content=\"Une \u00e9quipe passionn\u00e9e, des cr\u00e9ations jou\u00e9es partout dans le monde et un environnement de travail rassembleur. C\u2019est \u00e7a Ubisoft Qu\u00e9bec. Et tellement plus.\" \/>\n<meta name=\"robots\" content=\"index, follow, max-snippet:-1, max-image-preview:large, max-video-preview:-1\" \/>\n<link rel=\"canonical\" href=\"https:\/\/quebec.ubisoft.com\/fr\/medias\/\" \/>\n<meta property=\"og:locale\" content=\"fr_FR\" \/>\n<meta property=\"og:type\" content=\"article\" \/>\n<meta property=\"og:title\" content=\"M\u00e9dias - Ubisoft Qu\u00e9bec\" \/>\n<meta property=\"og:description\" content=\"Une \u00e9quipe passionn\u00e9e, des cr\u00e9ations jou\u00e9es partout dans le monde et un environnement de travail rassembleur. C\u2019est \u00e7a Ubisoft Qu\u00e9bec. Et tellement plus.\" \/>\n<meta property=\"og:url\" content=\"https:\/\/quebec.ubisoft.com\/fr\/medias\/\" \/>\n<meta property=\"og:site_name\" content=\"Ubisoft Qu\u00e9bec\" \/>\n<meta property=\"article:publisher\" content=\"https:\/\/www.facebook.com\/ubisoftquebec\/\" \/>\n<meta property=\"article:modified_time\" content=\"2023-03-29T19:57:11+00:00\" \/>\n<meta property=\"og:image\" content=\"https:\/\/quebec.ubisoft.com\/wp-content\/uploads\/2019\/08\/FB_Alternate_Ubisoft_Quebec_FR.jpg\" \/>\n\t<meta property=\"og:image:width\" content=\"1200\" \/>\n\t<meta property=\"og:image:height\" content=\"630\" \/>\n\t<meta property=\"og:image:type\" content=\"image\/jpeg\" \/>\n<meta name=\"twitter:card\" content=\"summary_large_image\" \/>\n<meta name=\"twitter:image\" content=\"https:\/\/quebec.ubisoft.com\/wp-content\/uploads\/2019\/08\/TW_Alternate_Ubisoft_Quebec_FR.jpg\" \/>\n<meta name=\"twitter:site\" content=\"@UbisoftQuebec\" \/>\n<script type=\"application\/ld+json\" class=\"yoast-schema-graph\">{\"@context\":\"https:\/\/schema.org\",\"@graph\":[{\"@type\":\"WebPage\",\"@id\":\"https:\/\/quebec.ubisoft.com\/fr\/medias\/\",\"url\":\"https:\/\/quebec.ubisoft.com\/fr\/medias\/\",\"name\":\"M\u00e9dias - Ubisoft Qu\u00e9bec\",\"isPartOf\":{\"@id\":\"https:\/\/quebec.ubisoft.com\/fr\/#website\"},\"datePublished\":\"2019-06-03T18:19:42+00:00\",\"dateModified\":\"2023-03-29T19:57:11+00:00\",\"description\":\"Une \u00e9quipe passionn\u00e9e, des cr\u00e9ations jou\u00e9es partout dans le monde et un environnement de travail rassembleur. C\u2019est \u00e7a Ubisoft Qu\u00e9bec. Et tellement plus.\",\"inLanguage\":\"fr-FR\",\"potentialAction\":[{\"@type\":\"ReadAction\",\"target\":[\"https:\/\/quebec.ubisoft.com\/fr\/medias\/\"]}]},{\"@type\":\"WebSite\",\"@id\":\"https:\/\/quebec.ubisoft.com\/fr\/#website\",\"url\":\"https:\/\/quebec.ubisoft.com\/fr\/\",\"name\":\"Ubisoft Qu\u00e9bec\",\"description\":\"Cr\u00e9ateur de mondes\",\"potentialAction\":[{\"@type\":\"SearchAction\",\"target\":{\"@type\":\"EntryPoint\",\"urlTemplate\":\"https:\/\/quebec.ubisoft.com\/fr\/?s={search_term_string}\"},\"query-input\":\"required name=search_term_string\"}],\"inLanguage\":\"fr-FR\"}]}<\/script>\n<!-- \/ Yoast SEO plugin. -->","yoast_head_json":{"title":"M\u00e9dias - Ubisoft Qu\u00e9bec","description":"Une \u00e9quipe passionn\u00e9e, des cr\u00e9ations jou\u00e9es partout dans le monde et un environnement de travail rassembleur. C\u2019est \u00e7a Ubisoft Qu\u00e9bec. Et tellement plus.","robots":{"index":"index","follow":"follow","max-snippet":"max-snippet:-1","max-image-preview":"max-image-preview:large","max-video-preview":"max-video-preview:-1"},"canonical":"https:\/\/quebec.ubisoft.com\/fr\/medias\/","og_locale":"fr_FR","og_type":"article","og_title":"M\u00e9dias - Ubisoft Qu\u00e9bec","og_description":"Une \u00e9quipe passionn\u00e9e, des cr\u00e9ations jou\u00e9es partout dans le monde et un environnement de travail rassembleur. C\u2019est \u00e7a Ubisoft Qu\u00e9bec. Et tellement plus.","og_url":"https:\/\/quebec.ubisoft.com\/fr\/medias\/","og_site_name":"Ubisoft Qu\u00e9bec","article_publisher":"https:\/\/www.facebook.com\/ubisoftquebec\/","article_modified_time":"2023-03-29T19:57:11+00:00","og_image":[{"width":1200,"height":630,"url":"https:\/\/quebec.ubisoft.com\/wp-content\/uploads\/2019\/08\/FB_Alternate_Ubisoft_Quebec_FR.jpg","type":"image\/jpeg"}],"twitter_card":"summary_large_image","twitter_image":"https:\/\/quebec.ubisoft.com\/wp-content\/uploads\/2019\/08\/TW_Alternate_Ubisoft_Quebec_FR.jpg","twitter_site":"@UbisoftQuebec","schema":{"@context":"https:\/\/schema.org","@graph":[{"@type":"WebPage","@id":"https:\/\/quebec.ubisoft.com\/fr\/medias\/","url":"https:\/\/quebec.ubisoft.com\/fr\/medias\/","name":"M\u00e9dias - Ubisoft Qu\u00e9bec","isPartOf":{"@id":"https:\/\/quebec.ubisoft.com\/fr\/#website"},"datePublished":"2019-06-03T18:19:42+00:00","dateModified":"2023-03-29T19:57:11+00:00","description":"Une \u00e9quipe passionn\u00e9e, des cr\u00e9ations jou\u00e9es partout dans le monde et un environnement de travail rassembleur. C\u2019est \u00e7a Ubisoft Qu\u00e9bec. Et tellement plus.","inLanguage":"fr-FR","potentialAction":[{"@type":"ReadAction","target":["https:\/\/quebec.ubisoft.com\/fr\/medias\/"]}]},{"@type":"WebSite","@id":"https:\/\/quebec.ubisoft.com\/fr\/#website","url":"https:\/\/quebec.ubisoft.com\/fr\/","name":"Ubisoft Qu\u00e9bec","description":"Cr\u00e9ateur de mondes","potentialAction":[{"@type":"SearchAction","target":{"@type":"EntryPoint","urlTemplate":"https:\/\/quebec.ubisoft.com\/fr\/?s={search_term_string}"},"query-input":"required name=search_term_string"}],"inLanguage":"fr-FR"}]}},"_links":{"self":[{"href":"https:\/\/quebec.ubisoft.com\/fr\/wp-json\/wp\/v2\/pages\/69","targetHints":{"allow":["GET"]}}],"collection":[{"href":"https:\/\/quebec.ubisoft.com\/fr\/wp-json\/wp\/v2\/pages"}],"about":[{"href":"https:\/\/quebec.ubisoft.com\/fr\/wp-json\/wp\/v2\/types\/page"}],"author":[{"embeddable":true,"href":"https:\/\/quebec.ubisoft.com\/fr\/wp-json\/wp\/v2\/users\/1"}],"replies":[{"embeddable":true,"href":"https:\/\/quebec.ubisoft.com\/fr\/wp-json\/wp\/v2\/comments?post=69"}],"version-history":[{"count":18,"href":"https:\/\/quebec.ubisoft.com\/fr\/wp-json\/wp\/v2\/pages\/69\/revisions"}],"predecessor-version":[{"id":15438,"href":"https:\/\/quebec.ubisoft.com\/fr\/wp-json\/wp\/v2\/pages\/69\/revisions\/15438"}],"wp:attachment":[{"href":"https:\/\/quebec.ubisoft.com\/fr\/wp-json\/wp\/v2\/media?parent=69"}],"curies":[{"name":"wp","href":"https:\/\/api.w.org\/{rel}","templated":true}]}}